{"id":13,"date":"2026-05-12T20:00:00","date_gmt":"2026-05-12T20:00:00","guid":{"rendered":"https:\/\/vwh6376.133.vedos.website\/?page_id=13"},"modified":"2026-05-12T20:02:33","modified_gmt":"2026-05-12T20:02:33","slug":"13-2","status":"publish","type":"page","link":"https:\/\/vwh6376.133.vedos.website\/?page_id=13","title":{"rendered":"Test"},"content":{"rendered":"\n<div class=\"wp-block-group alignfull is-style-section-5 is-layout-flow wp-block-group-is-layout-flow is-style-section-5--1\" style=\"min-height:100vh;margin-top:0;margin-bottom:0;padding-top:var(--wp--preset--spacing--50);padding-right:var(--wp--preset--spacing--50);padding-bottom:var(--wp--preset--spacing--50);padding-left:var(--wp--preset--spacing--50)\">\n<div class=\"wp-block-columns alignfull is-layout-flex wp-container-core-columns-is-layout-47c06fe3 wp-block-columns-is-layout-flex\">\n<div class=\"wp-block-column is-layout-flow wp-block-column-is-layout-flow\">\n<div class=\"wp-block-cover is-light\" style=\"min-height:100vh;aspect-ratio:unset;\"><img decoding=\"async\" class=\"wp-block-cover__image-background\" alt=\"\u010cernob\u00edl\u00e1 fotografie zachycuj\u00edc\u00ed \u017eenu a d\u00edt\u011b z d\u00e1lky.\" src=\"https:\/\/vwh6376.133.vedos.website\/wp-content\/themes\/twentytwentyfive\/assets\/images\/link-in-bio-image.webp\" data-object-fit=\"cover\"\/><span aria-hidden=\"true\" class=\"wp-block-cover__background has-background-dim-0 has-background-dim\" style=\"background-color:#818181\"><\/span><div class=\"wp-block-cover__inner-container is-layout-flow wp-block-cover-is-layout-flow\">\n<div style=\"height:var(--wp--preset--spacing--20)\" aria-hidden=\"true\" class=\"wp-block-spacer\"><\/div>\n<\/div><\/div>\n<\/div>\n\n\n\n<div class=\"wp-block-column is-layout-flow wp-block-column-is-layout-flow\">\n<div class=\"wp-block-group is-vertical is-content-justification-stretch is-nowrap is-layout-flex wp-container-core-group-is-layout-9a2e2d63 wp-block-group-is-layout-flex\" style=\"min-height:100%\">\n<p class=\"has-text-align-left has-x-large-font-size\" style=\"line-height:1.2\">Jmenuji se Asahachi K\u014dno, jsem japonsk\u00fd fotograf a \u010dlen losangelesk\u00e9ho spolku Japanese Camera Pictorialists of California. Ne\u017e jsem se vr\u00e1til do Japonska, pracoval jsem jako retu\u0161\u00e9r fotografi\u00ed.<\/p>\n\n\n\n<div class=\"wp-block-group is-nowrap is-layout-flex wp-container-core-group-is-layout-f1189ed3 wp-block-group-is-layout-flex\">\n<p><a href=\"#\">Instagram<\/a><\/p>\n\n\n\n<p><a href=\"#\">X<\/a><\/p>\n\n\n\n<p><a href=\"#\">TikTok<\/a><\/p>\n<\/div>\n<\/div>\n<\/div>\n<\/div>\n<\/div>\n","protected":false},"excerpt":{"rendered":"<p>Jmenuji se Asahachi K\u014dno, jsem japonsk\u00fd fotograf a \u010dlen losangelesk\u00e9ho spolku Japanese Camera Pictorialists of California. Ne\u017e jsem se vr\u00e1til do Japonska, pracoval jsem jako retu\u0161\u00e9r fotografi\u00ed. Instagram X TikTok<\/p>\n","protected":false},"author":1,"featured_media":0,"parent":0,"menu_order":0,"comment_status":"closed","ping_status":"closed","template":"","meta":{"footnotes":""},"class_list":["post-13","page","type-page","status-publish","hentry"],"_links":{"self":[{"href":"https:\/\/vwh6376.133.vedos.website\/index.php?rest_route=\/wp\/v2\/pages\/13","targetHints":{"allow":["GET"]}}],"collection":[{"href":"https:\/\/vwh6376.133.vedos.website\/index.php?rest_route=\/wp\/v2\/pages"}],"about":[{"href":"https:\/\/vwh6376.133.vedos.website\/index.php?rest_route=\/wp\/v2\/types\/page"}],"author":[{"embeddable":true,"href":"https:\/\/vwh6376.133.vedos.website\/index.php?rest_route=\/wp\/v2\/users\/1"}],"replies":[{"embeddable":true,"href":"https:\/\/vwh6376.133.vedos.website\/index.php?rest_route=%2Fwp%2Fv2%2Fcomments&post=13"}],"version-history":[{"count":2,"href":"https:\/\/vwh6376.133.vedos.website\/index.php?rest_route=\/wp\/v2\/pages\/13\/revisions"}],"predecessor-version":[{"id":16,"href":"https:\/\/vwh6376.133.vedos.website\/index.php?rest_route=\/wp\/v2\/pages\/13\/revisions\/16"}],"wp:attachment":[{"href":"https:\/\/vwh6376.133.vedos.website\/index.php?rest_route=%2Fwp%2Fv2%2Fmedia&parent=13"}],"curies":[{"name":"wp","href":"https:\/\/api.w.org\/{rel}","templated":true}]}}